{"id":21085,"date":"2024-04-22T12:32:08","date_gmt":"2024-04-22T12:32:08","guid":{"rendered":"https:\/\/aimdoll.com\/product\/65cm-newest-mini-redhead-cheap-sex-doll\/"},"modified":"2024-05-14T08:16:42","modified_gmt":"2024-05-14T08:16:42","slug":"65cm-newest-mini-redhead-cheap-sex-doll","status":"publish","type":"product","link":"https:\/\/nuxdoll.com\/sv\/product\/65cm-nyaste-mini-rodharig-billig-sexdocka\/","title":{"rendered":"65cm Nyaste Mini Redhead Billig Sexdocka"},"content":{"rendered":"<p>Att k\u00f6pa den riktiga ton\u00e5rsdockans creampie-outfit f\u00f6r din personliga 65 cm mini-sexdocka \u00e4r sexigt. F\u00f6r den lilla br\u00f6stet wm sexdockan r\u00f6dh\u00e5rig med bruna lockar, kommer din h\u00f6ga libido att bli n\u00f6jd. Den 65 cm l\u00e5nga sexdockan erbjuder en j\u00e4vla upplevelse som m\u00e4nskliga kvinnor kan v\u00e4gra.<\/p>\n<p>&nbsp;<\/p>\n<p>Verkligen, f\u00f6rdelarna med att \u00e4ga en homosexuell barnk\u00e4rleksdocka \u00e4r flera k\u00f6n. Att best\u00e4lla ett av avtagbara k\u00f6nsorgan kommer att vara praktiskt under gay eller lesbisk sex. Du kan f\u00e5 en 125 cm hitomi-chan tpe sexdocka med avtagbara k\u00f6nsorgan. En billig mini k\u00e4rleksdocka kommer inte att \u00f6verskrida din budget, det finns faktiskt m\u00e5nga prisv\u00e4rda sexdockor i v\u00e5r sexdockabutik online.<\/p>\n<p>&nbsp;<\/p>\n<p>Den nyaste mini-sexdockan \u00e4r den lilla tr\u00f6tta sexdockan som ser utvilad ut efter sex. En barnsexdocka tyngd av din k\u00e4rlek som g\u00f6r duglighet och lyh\u00f6rdhet \u00e4r vad alla l\u00e4ngtar efter.<\/p>\n<p>&nbsp;<\/p>\n<p>&nbsp;<\/p>\n\t\t<div data-elementor-type=\"section\" data-elementor-id=\"15956\" class=\"elementor elementor-15956\" data-elementor-post-type=\"elementor_library\">\n\t\t\t<div class=\"wd-negative-gap elementor-element elementor-element-e744d45 e-flex e-con-boxed e-con e-parent\" data-id=\"e744d45\" data-element_type=\"container\">\n\t\t\t\t\t<div class=\"e-con-inner\">\n\t\t<div class=\"wd-negative-gap elementor-element elementor-element-2abc4734 e-flex e-con-boxed e-con e-child\" data-id=\"2abc4734\" data-element_type=\"container\">\n\t\t\t\t\t<div class=\"e-con-inner\">\n\t\t<div class=\"wd-negative-gap elementor-element elementor-element-e4e90d0 e-flex e-con-boxed e-con e-child\" data-id=\"e4e90d0\" data-element_type=\"container\">\n\t\t\t\t\t<div class=\"e-con-inner\">\n\t\t\t\t<div class=\"elementor-element elementor-element-2191b1a4 elementor-cta--skin-cover elementor-animated-content elementor-bg-transform elementor-bg-transform-zoom-in elementor-widget elementor-widget-call-to-action\" data-id=\"2191b1a4\" data-element_type=\"widget\" data-widget_type=\"call-to-action.default\">\n\t\t\t\t<div class=\"elementor-widget-container\">\n\t\t\t\t\t<a class=\"elementor-cta\" href=\"https:\/\/nuxdoll.com\/sv\/bilder-pa-sexdockor\/\">\n\t\t\t\t\t<div class=\"elementor-cta__bg-wrapper\">\n\t\t\t\t<div class=\"elementor-cta__bg elementor-bg\" style=\"background-image: url(https:\/\/nuxdoll.com\/wp-content\/uploads\/2024\/04\/redirect.jpg);\" role=\"img\" aria-label=\"dirigera om\"><\/div>\n\t\t\t\t<div class=\"elementor-cta__bg-overlay\"><\/div>\n\t\t\t<\/div>\n\t\t\t\t\t\t\t<div class=\"elementor-cta__content\">\n\t\t\t\t\n\t\t\t\t\t\t\t\t\t<h2 class=\"elementor-cta__title elementor-cta__content-item elementor-content-item elementor-animated-item--grow\">\n\t\t\t\t\t\t2500+ sm\u00e5 mini-sexdockor <\/br>sexdollxxx .com\t\t\t\t\t<\/h2>\n\t\t\t\t\n\t\t\t\t\t\t\t\t\t<div class=\"elementor-cta__description elementor-cta__content-item elementor-content-item elementor-animated-item--grow\">\n\t\t\t\t\t\t40 cm, 60 cm, 80 cm, 100 cm, 120 cm, 140 cm\t\t\t\t\t<\/div>\n\t\t\t\t\n\t\t\t\t\t\t\t\t\t<div class=\"elementor-cta__button-wrapper elementor-cta__content-item elementor-content-item elementor-animated-item--grow\">\n\t\t\t\t\t<span class=\"elementor-cta__button elementor-button elementor-size-md\">\n\t\t\t\t\t\tShoppa nu\t\t\t\t\t<\/span>\n\t\t\t\t\t<\/div>\n\t\t\t\t\t\t\t<\/div>\n\t\t\t\t\t\t<\/a>\n\t\t\t\t<\/div>\n\t\t\t\t<\/div>\n\t\t\t\t\t<\/div>\n\t\t\t\t<\/div>\n\t\t\t\t\t<\/div>\n\t\t\t\t<\/div>\n\t\t\t\t\t<\/div>\n\t\t\t\t<\/div>\n\t\t\t\t<\/div>","protected":false},"excerpt":{"rendered":"<div data-elementor-type=\"section\" data-elementor-id=\"15952\" class=\"elementor elementor-15952\" data-elementor-post-type=\"elementor_library\">\n<div class=\"wd-negative-gap elementor-element elementor-element-49f97e26 e-flex e-con-boxed e-con e-parent\" data-id=\"49f97e26\" data-element_type=\"container\">\n<div class=\"e-con-inner\">\n<div class=\"wd-negative-gap elementor-element elementor-element-449b9556 e-flex e-con-boxed e-con e-child\" data-id=\"449b9556\" data-element_type=\"container\">\n<div class=\"e-con-inner\">\n<div class=\"elementor-element elementor-element-613a7c10 elementor-cta--skin-cover elementor-animated-content elementor-bg-transform elementor-bg-transform-zoom-in elementor-widget elementor-widget-call-to-action\" data-id=\"613a7c10\" data-element_type=\"widget\" data-widget_type=\"call-to-action.default\">\n<div class=\"elementor-widget-container\">\n\t\t\t<link rel=\"stylesheet\" href=\"https:\/\/nuxdoll.com\/wp-content\/uploads\/elementor\/css\/custom-pro-widget-call-to-action.min.css?ver=1716097145\">\t\t<a class=\"elementor-cta\" href=\"https:\/\/nuxdoll.com\/sv\/bilder-pa-sexdockor\/\"><\/p>\n<div class=\"elementor-cta__bg-wrapper\">\n<div class=\"elementor-cta__bg elementor-bg\" style=\"background-image: url(https:\/\/nuxdoll.com\/wp-content\/uploads\/2024\/04\/redirect-1.jpg);\" role=\"img\" aria-label=\"redirect.jpg\"><\/div>\n<div class=\"elementor-cta__bg-overlay\"><\/div>\n<\/p><\/div>\n<div class=\"elementor-cta__content\">\n<h2 class=\"elementor-cta__title elementor-cta__content-item elementor-content-item elementor-animated-item--grow\">\n\t\t\t\t\t\t2500+ sm\u00e5 mini-sexdockor <\/br>sexdollxxx .com\t\t\t\t\t<\/h2>\n<div class=\"elementor-cta__description elementor-cta__content-item elementor-content-item elementor-animated-item--grow\">\n\t\t\t\t\t\t40 cm, 60 cm, 80 cm, 100 cm, 120 cm, 140 cm\t\t\t\t\t<\/div>\n<div class=\"elementor-cta__button-wrapper elementor-cta__content-item elementor-content-item elementor-animated-item--grow\">\n\t\t\t\t\t<span class=\"elementor-cta__button elementor-button elementor-size-md\"><br \/>\n\t\t\t\t\t\tShoppa nu\t\t\t\t\t<\/span>\n\t\t\t\t\t<\/div>\n<\/p><\/div>\n<p>\t\t\t\t\t\t<\/a>\n\t\t\t\t<\/div>\n<\/p><\/div>\n<\/p><\/div>\n<\/p><\/div>\n<\/p><\/div>\n<\/p><\/div>\n<\/p><\/div>","protected":false},"featured_media":15950,"comment_status":"closed","ping_status":"closed","template":"","meta":[],"product_cat":[774,787,782],"product_tag":[],"aioseo_notices":[],"_links":{"self":[{"href":"https:\/\/nuxdoll.com\/sv\/wp-json\/wp\/v2\/product\/21085"}],"collection":[{"href":"https:\/\/nuxdoll.com\/sv\/wp-json\/wp\/v2\/product"}],"about":[{"href":"https:\/\/nuxdoll.com\/sv\/wp-json\/wp\/v2\/types\/product"}],"replies":[{"embeddable":true,"href":"https:\/\/nuxdoll.com\/sv\/wp-json\/wp\/v2\/comments?post=21085"}],"version-history":[{"count":1,"href":"https:\/\/nuxdoll.com\/sv\/wp-json\/wp\/v2\/product\/21085\/revisions"}],"predecessor-version":[{"id":21086,"href":"https:\/\/nuxdoll.com\/sv\/wp-json\/wp\/v2\/product\/21085\/revisions\/21086"}],"wp:featuredmedia":[{"embeddable":true,"href":"https:\/\/nuxdoll.com\/sv\/wp-json\/wp\/v2\/media\/15950"}],"wp:attachment":[{"href":"https:\/\/nuxdoll.com\/sv\/wp-json\/wp\/v2\/media?parent=21085"}],"wp:term":[{"taxonomy":"product_cat","embeddable":true,"href":"https:\/\/nuxdoll.com\/sv\/wp-json\/wp\/v2\/product_cat?post=21085"},{"taxonomy":"product_tag","embeddable":true,"href":"https:\/\/nuxdoll.com\/sv\/wp-json\/wp\/v2\/product_tag?post=21085"}],"curies":[{"name":"wp","href":"https:\/\/api.w.org\/{rel}","templated":true}]}}