{"id":20953,"date":"2024-04-22T12:31:56","date_gmt":"2024-04-22T12:31:56","guid":{"rendered":"https:\/\/aimdoll.com\/product\/realistic-indian-mini-annika-silicon-love-doll\/"},"modified":"2024-05-06T07:56:52","modified_gmt":"2024-05-06T07:56:52","slug":"realistic-indian-mini-annika-silicon-love-doll","status":"publish","type":"product","link":"https:\/\/nuxdoll.com\/sv\/product\/realistisk-indisk-mini-annika-silikon-karleksdocka\/","title":{"rendered":"Realistisk indisk mini Annika Silicon Love Doll"},"content":{"rendered":"<p>Jydoll 100 cm sexdocka fungerar som en f\u00f6ljeslagare och en f\u00f6rtrogen. Min lillasyster sexdocka har en sn\u00e4v, v\u00e5t slida som \u00e4r stimulerande. En k\u00e4rleksdocka f\u00f6r ton\u00e5rsflicka kommer att stanna p\u00e5 plats under sex s\u00e5 att du f\u00e5r tillg\u00e5ng till den. Detta \u00e4r en kapitulation som inte h\u00e4nder ofta med m\u00e4nskliga kvinnor.<\/p>\n<p>&nbsp;<\/p>\n<p>Den fantastiska ton\u00e5rssexdockan ger dig en fantastisk tight k\u00e4nsla mot din penis. En dh. com ung tjej sexdocka kan g\u00f6ras i vilken f\u00e4rg eller storlek du vill. Sexvideorna f\u00f6r cm-dockor kan efterliknas medan du knullar din riktiga ton\u00e5ring indisk sex 18 jungfrulig flickdocka.<\/p>\n<p>&nbsp;<\/p>\n<p>Den realistiska mini Annika k\u00e4rleksdockan i silikon ger dig en k\u00e4nsla av tillfredsst\u00e4llelse efter att din sexuella sp\u00e4nning har l\u00e4ttat. Am Arab teen rider sexdocka har best\u00e4mt sig f\u00f6r att utforska den otroliga v\u00e4rlden av realistiska sexdockor. Alla sexuella f\u00e4rdigheter du beh\u00e4rskar med k\u00e4rleksdockan f\u00f6r ton\u00e5rsflickor kan anv\u00e4ndas p\u00e5 en m\u00e4nsklig partner.<\/p>\n<p>&nbsp;<\/p>\n\t\t<div data-elementor-type=\"section\" data-elementor-id=\"15956\" class=\"elementor elementor-15956\" data-elementor-post-type=\"elementor_library\">\n\t\t\t<div class=\"wd-negative-gap elementor-element elementor-element-e744d45 e-flex e-con-boxed e-con e-parent\" data-id=\"e744d45\" data-element_type=\"container\">\n\t\t\t\t\t<div class=\"e-con-inner\">\n\t\t<div class=\"wd-negative-gap elementor-element elementor-element-2abc4734 e-flex e-con-boxed e-con e-child\" data-id=\"2abc4734\" data-element_type=\"container\">\n\t\t\t\t\t<div class=\"e-con-inner\">\n\t\t<div class=\"wd-negative-gap elementor-element elementor-element-e4e90d0 e-flex e-con-boxed e-con e-child\" data-id=\"e4e90d0\" data-element_type=\"container\">\n\t\t\t\t\t<div class=\"e-con-inner\">\n\t\t\t\t<div class=\"elementor-element elementor-element-2191b1a4 elementor-cta--skin-cover elementor-animated-content elementor-bg-transform elementor-bg-transform-zoom-in elementor-widget elementor-widget-call-to-action\" data-id=\"2191b1a4\" data-element_type=\"widget\" data-widget_type=\"call-to-action.default\">\n\t\t\t\t<div class=\"elementor-widget-container\">\n\t\t\t\t\t<a class=\"elementor-cta\" href=\"https:\/\/nuxdoll.com\/sv\/bilder-pa-sexdockor\/\">\n\t\t\t\t\t<div class=\"elementor-cta__bg-wrapper\">\n\t\t\t\t<div class=\"elementor-cta__bg elementor-bg\" style=\"background-image: url(https:\/\/nuxdoll.com\/wp-content\/uploads\/2024\/04\/redirect.jpg);\" role=\"img\" aria-label=\"dirigera om\"><\/div>\n\t\t\t\t<div class=\"elementor-cta__bg-overlay\"><\/div>\n\t\t\t<\/div>\n\t\t\t\t\t\t\t<div class=\"elementor-cta__content\">\n\t\t\t\t\n\t\t\t\t\t\t\t\t\t<h2 class=\"elementor-cta__title elementor-cta__content-item elementor-content-item elementor-animated-item--grow\">\n\t\t\t\t\t\t2500+ sm\u00e5 mini-sexdockor <\/br>sexdollxxx .com\t\t\t\t\t<\/h2>\n\t\t\t\t\n\t\t\t\t\t\t\t\t\t<div class=\"elementor-cta__description elementor-cta__content-item elementor-content-item elementor-animated-item--grow\">\n\t\t\t\t\t\t40 cm, 60 cm, 80 cm, 100 cm, 120 cm, 140 cm\t\t\t\t\t<\/div>\n\t\t\t\t\n\t\t\t\t\t\t\t\t\t<div class=\"elementor-cta__button-wrapper elementor-cta__content-item elementor-content-item elementor-animated-item--grow\">\n\t\t\t\t\t<span class=\"elementor-cta__button elementor-button elementor-size-md\">\n\t\t\t\t\t\tShoppa nu\t\t\t\t\t<\/span>\n\t\t\t\t\t<\/div>\n\t\t\t\t\t\t\t<\/div>\n\t\t\t\t\t\t<\/a>\n\t\t\t\t<\/div>\n\t\t\t\t<\/div>\n\t\t\t\t\t<\/div>\n\t\t\t\t<\/div>\n\t\t\t\t\t<\/div>\n\t\t\t\t<\/div>\n\t\t\t\t\t<\/div>\n\t\t\t\t<\/div>\n\t\t\t\t<\/div>","protected":false},"excerpt":{"rendered":"<div data-elementor-type=\"section\" data-elementor-id=\"15952\" class=\"elementor elementor-15952\" data-elementor-post-type=\"elementor_library\">\n<div class=\"wd-negative-gap elementor-element elementor-element-49f97e26 e-flex e-con-boxed e-con e-parent\" data-id=\"49f97e26\" data-element_type=\"container\">\n<div class=\"e-con-inner\">\n<div class=\"wd-negative-gap elementor-element elementor-element-449b9556 e-flex e-con-boxed e-con e-child\" data-id=\"449b9556\" data-element_type=\"container\">\n<div class=\"e-con-inner\">\n<div class=\"elementor-element elementor-element-613a7c10 elementor-cta--skin-cover elementor-animated-content elementor-bg-transform elementor-bg-transform-zoom-in elementor-widget elementor-widget-call-to-action\" data-id=\"613a7c10\" data-element_type=\"widget\" data-widget_type=\"call-to-action.default\">\n<div class=\"elementor-widget-container\">\n\t\t\t<link rel=\"stylesheet\" href=\"https:\/\/nuxdoll.com\/wp-content\/uploads\/elementor\/css\/custom-pro-widget-call-to-action.min.css?ver=1716097145\">\t\t<a class=\"elementor-cta\" href=\"https:\/\/nuxdoll.com\/sv\/bilder-pa-sexdockor\/\"><\/p>\n<div class=\"elementor-cta__bg-wrapper\">\n<div class=\"elementor-cta__bg elementor-bg\" style=\"background-image: url(https:\/\/nuxdoll.com\/wp-content\/uploads\/2024\/04\/redirect-1.jpg);\" role=\"img\" aria-label=\"redirect.jpg\"><\/div>\n<div class=\"elementor-cta__bg-overlay\"><\/div>\n<\/p><\/div>\n<div class=\"elementor-cta__content\">\n<h2 class=\"elementor-cta__title elementor-cta__content-item elementor-content-item elementor-animated-item--grow\">\n\t\t\t\t\t\t2500+ sm\u00e5 mini-sexdockor <\/br>sexdollxxx .com\t\t\t\t\t<\/h2>\n<div class=\"elementor-cta__description elementor-cta__content-item elementor-content-item elementor-animated-item--grow\">\n\t\t\t\t\t\t40 cm, 60 cm, 80 cm, 100 cm, 120 cm, 140 cm\t\t\t\t\t<\/div>\n<div class=\"elementor-cta__button-wrapper elementor-cta__content-item elementor-content-item elementor-animated-item--grow\">\n\t\t\t\t\t<span class=\"elementor-cta__button elementor-button elementor-size-md\"><br \/>\n\t\t\t\t\t\tShoppa nu\t\t\t\t\t<\/span>\n\t\t\t\t\t<\/div>\n<\/p><\/div>\n<p>\t\t\t\t\t\t<\/a>\n\t\t\t\t<\/div>\n<\/p><\/div>\n<\/p><\/div>\n<\/p><\/div>\n<\/p><\/div>\n<\/p><\/div>\n<\/p><\/div>","protected":false},"featured_media":15950,"comment_status":"closed","ping_status":"closed","template":"","meta":[],"product_cat":[763,766,783],"product_tag":[],"aioseo_notices":[],"_links":{"self":[{"href":"https:\/\/nuxdoll.com\/sv\/wp-json\/wp\/v2\/product\/20953"}],"collection":[{"href":"https:\/\/nuxdoll.com\/sv\/wp-json\/wp\/v2\/product"}],"about":[{"href":"https:\/\/nuxdoll.com\/sv\/wp-json\/wp\/v2\/types\/product"}],"replies":[{"embeddable":true,"href":"https:\/\/nuxdoll.com\/sv\/wp-json\/wp\/v2\/comments?post=20953"}],"version-history":[{"count":1,"href":"https:\/\/nuxdoll.com\/sv\/wp-json\/wp\/v2\/product\/20953\/revisions"}],"predecessor-version":[{"id":20954,"href":"https:\/\/nuxdoll.com\/sv\/wp-json\/wp\/v2\/product\/20953\/revisions\/20954"}],"wp:featuredmedia":[{"embeddable":true,"href":"https:\/\/nuxdoll.com\/sv\/wp-json\/wp\/v2\/media\/15950"}],"wp:attachment":[{"href":"https:\/\/nuxdoll.com\/sv\/wp-json\/wp\/v2\/media?parent=20953"}],"wp:term":[{"taxonomy":"product_cat","embeddable":true,"href":"https:\/\/nuxdoll.com\/sv\/wp-json\/wp\/v2\/product_cat?post=20953"},{"taxonomy":"product_tag","embeddable":true,"href":"https:\/\/nuxdoll.com\/sv\/wp-json\/wp\/v2\/product_tag?post=20953"}],"curies":[{"name":"wp","href":"https:\/\/api.w.org\/{rel}","templated":true}]}}