{"id":20629,"date":"2024-04-22T12:31:25","date_gmt":"2024-04-22T12:31:25","guid":{"rendered":"https:\/\/aimdoll.com\/product\/100-cm-susan-love-diana-mini-child-doll\/"},"modified":"2024-05-06T07:10:31","modified_gmt":"2024-05-06T07:10:31","slug":"100-cm-susan-love-diana-mini-child-doll","status":"publish","type":"product","link":"https:\/\/nuxdoll.com\/sv\/product\/100-cm-susan-love-diana-mini-barndocka\/","title":{"rendered":"100 cm Susan love Diana mini barndocka"},"content":{"rendered":"<p>Letar du efter en liten och realistisk liten sexdockav\u00e4n f\u00f6r att uppfylla dina djupaste \u00f6nskningar? Du beh\u00f6ver inte leta l\u00e4ngre efter v\u00e5r lilla sexdocka som heter Yumi eller den 100 cm som heter Susan. Detta love diana mini docka matstall lekset \u00e4r tillverkat av bra TPE-material. Det l\u00e5tsas vara som en kvinnas kroppsform v\u00e4ldigt bra. Min lilla och mjuka ponnyleksak har s\u00f6ta drag i ansiktet, realistiskt h\u00e5r som en dr\u00f6m du vill se g\u00e5 i uppfyllelse.<\/p>\n<p>&nbsp;<\/p>\n<p>Men var f\u00f6rsiktig, hennes storlek \u00e4r inte viktig; liten docka sexleksak har allt du skulle f\u00e5 av en stor k\u00e4rleksdocka. Med m\u00e5nga b\u00f6jningar kan du f\u00e5 henne att posera p\u00e5 vilket s\u00e4tt som helst du t\u00e4nker p\u00e5 f\u00f6r o\u00e4ndligt roligt. Och kom ih\u00e5g Susan \u2013 en underbar person som lagts till i v\u00e5r grupp som \u00e4r 100 cm l\u00e5ng. Hon har stora f\u00f6rem\u00e5l som f\u00e5r ditt hj\u00e4rta att hoppa \u00f6ver ett slag av f\u00f6rv\u00e5ning.<\/p>\n<p>En sexleksak som ser ut som ett barn \u00e4r h\u00e4r f\u00f6r att ta hand om alla dina sexuella behov utan att f\u00e5 n\u00e5gon att m\u00e5 d\u00e5ligt eller os\u00e4ker. F\u00e5 fantastiskt n\u00f6je med dessa skickligt gjorda sm\u00e5 dockor. De kommer att ge dig mest gl\u00e4dje i sm\u00e5 storlekar.<\/p>\n<p>&nbsp;<\/p>\n\t\t<div data-elementor-type=\"section\" data-elementor-id=\"15956\" class=\"elementor elementor-15956\" data-elementor-post-type=\"elementor_library\">\n\t\t\t<div class=\"wd-negative-gap elementor-element elementor-element-e744d45 e-flex e-con-boxed e-con e-parent\" data-id=\"e744d45\" data-element_type=\"container\">\n\t\t\t\t\t<div class=\"e-con-inner\">\n\t\t<div class=\"wd-negative-gap elementor-element elementor-element-2abc4734 e-flex e-con-boxed e-con e-child\" data-id=\"2abc4734\" data-element_type=\"container\">\n\t\t\t\t\t<div class=\"e-con-inner\">\n\t\t<div class=\"wd-negative-gap elementor-element elementor-element-e4e90d0 e-flex e-con-boxed e-con e-child\" data-id=\"e4e90d0\" data-element_type=\"container\">\n\t\t\t\t\t<div class=\"e-con-inner\">\n\t\t\t\t<div class=\"elementor-element elementor-element-2191b1a4 elementor-cta--skin-cover elementor-animated-content elementor-bg-transform elementor-bg-transform-zoom-in elementor-widget elementor-widget-call-to-action\" data-id=\"2191b1a4\" data-element_type=\"widget\" data-widget_type=\"call-to-action.default\">\n\t\t\t\t<div class=\"elementor-widget-container\">\n\t\t\t\t\t<a class=\"elementor-cta\" href=\"https:\/\/nuxdoll.com\/sv\/bilder-pa-sexdockor\/\">\n\t\t\t\t\t<div class=\"elementor-cta__bg-wrapper\">\n\t\t\t\t<div class=\"elementor-cta__bg elementor-bg\" style=\"background-image: url(https:\/\/nuxdoll.com\/wp-content\/uploads\/2024\/04\/redirect.jpg);\" role=\"img\" aria-label=\"dirigera om\"><\/div>\n\t\t\t\t<div class=\"elementor-cta__bg-overlay\"><\/div>\n\t\t\t<\/div>\n\t\t\t\t\t\t\t<div class=\"elementor-cta__content\">\n\t\t\t\t\n\t\t\t\t\t\t\t\t\t<h2 class=\"elementor-cta__title elementor-cta__content-item elementor-content-item elementor-animated-item--grow\">\n\t\t\t\t\t\t2500+ sm\u00e5 mini-sexdockor <\/br>sexdollxxx .com\t\t\t\t\t<\/h2>\n\t\t\t\t\n\t\t\t\t\t\t\t\t\t<div class=\"elementor-cta__description elementor-cta__content-item elementor-content-item elementor-animated-item--grow\">\n\t\t\t\t\t\t40 cm, 60 cm, 80 cm, 100 cm, 120 cm, 140 cm\t\t\t\t\t<\/div>\n\t\t\t\t\n\t\t\t\t\t\t\t\t\t<div class=\"elementor-cta__button-wrapper elementor-cta__content-item elementor-content-item elementor-animated-item--grow\">\n\t\t\t\t\t<span class=\"elementor-cta__button elementor-button elementor-size-md\">\n\t\t\t\t\t\tShoppa nu\t\t\t\t\t<\/span>\n\t\t\t\t\t<\/div>\n\t\t\t\t\t\t\t<\/div>\n\t\t\t\t\t\t<\/a>\n\t\t\t\t<\/div>\n\t\t\t\t<\/div>\n\t\t\t\t\t<\/div>\n\t\t\t\t<\/div>\n\t\t\t\t\t<\/div>\n\t\t\t\t<\/div>\n\t\t\t\t\t<\/div>\n\t\t\t\t<\/div>\n\t\t\t\t<\/div>","protected":false},"excerpt":{"rendered":"<div data-elementor-type=\"section\" data-elementor-id=\"15952\" class=\"elementor elementor-15952\" data-elementor-post-type=\"elementor_library\">\n<div class=\"wd-negative-gap elementor-element elementor-element-49f97e26 e-flex e-con-boxed e-con e-parent\" data-id=\"49f97e26\" data-element_type=\"container\">\n<div class=\"e-con-inner\">\n<div class=\"wd-negative-gap elementor-element elementor-element-449b9556 e-flex e-con-boxed e-con e-child\" data-id=\"449b9556\" data-element_type=\"container\">\n<div class=\"e-con-inner\">\n<div class=\"elementor-element elementor-element-613a7c10 elementor-cta--skin-cover elementor-animated-content elementor-bg-transform elementor-bg-transform-zoom-in elementor-widget elementor-widget-call-to-action\" data-id=\"613a7c10\" data-element_type=\"widget\" data-widget_type=\"call-to-action.default\">\n<div class=\"elementor-widget-container\">\n\t\t\t<link rel=\"stylesheet\" href=\"https:\/\/nuxdoll.com\/wp-content\/uploads\/elementor\/css\/custom-pro-widget-call-to-action.min.css?ver=1716097145\">\t\t<a class=\"elementor-cta\" href=\"https:\/\/nuxdoll.com\/sv\/bilder-pa-sexdockor\/\"><\/p>\n<div class=\"elementor-cta__bg-wrapper\">\n<div class=\"elementor-cta__bg elementor-bg\" style=\"background-image: url(https:\/\/nuxdoll.com\/wp-content\/uploads\/2024\/04\/redirect-1.jpg);\" role=\"img\" aria-label=\"redirect.jpg\"><\/div>\n<div class=\"elementor-cta__bg-overlay\"><\/div>\n<\/p><\/div>\n<div class=\"elementor-cta__content\">\n<h2 class=\"elementor-cta__title elementor-cta__content-item elementor-content-item elementor-animated-item--grow\">\n\t\t\t\t\t\t2500+ sm\u00e5 mini-sexdockor <\/br>sexdollxxx .com\t\t\t\t\t<\/h2>\n<div class=\"elementor-cta__description elementor-cta__content-item elementor-content-item elementor-animated-item--grow\">\n\t\t\t\t\t\t40 cm, 60 cm, 80 cm, 100 cm, 120 cm, 140 cm\t\t\t\t\t<\/div>\n<div class=\"elementor-cta__button-wrapper elementor-cta__content-item elementor-content-item elementor-animated-item--grow\">\n\t\t\t\t\t<span class=\"elementor-cta__button elementor-button elementor-size-md\"><br \/>\n\t\t\t\t\t\tShoppa nu\t\t\t\t\t<\/span>\n\t\t\t\t\t<\/div>\n<\/p><\/div>\n<p>\t\t\t\t\t\t<\/a>\n\t\t\t\t<\/div>\n<\/p><\/div>\n<\/p><\/div>\n<\/p><\/div>\n<\/p><\/div>\n<\/p><\/div>\n<\/p><\/div>","protected":false},"featured_media":15950,"comment_status":"closed","ping_status":"closed","template":"","meta":[],"product_cat":[804,803,797],"product_tag":[],"aioseo_notices":[],"_links":{"self":[{"href":"https:\/\/nuxdoll.com\/sv\/wp-json\/wp\/v2\/product\/20629"}],"collection":[{"href":"https:\/\/nuxdoll.com\/sv\/wp-json\/wp\/v2\/product"}],"about":[{"href":"https:\/\/nuxdoll.com\/sv\/wp-json\/wp\/v2\/types\/product"}],"replies":[{"embeddable":true,"href":"https:\/\/nuxdoll.com\/sv\/wp-json\/wp\/v2\/comments?post=20629"}],"version-history":[{"count":1,"href":"https:\/\/nuxdoll.com\/sv\/wp-json\/wp\/v2\/product\/20629\/revisions"}],"predecessor-version":[{"id":20630,"href":"https:\/\/nuxdoll.com\/sv\/wp-json\/wp\/v2\/product\/20629\/revisions\/20630"}],"wp:featuredmedia":[{"embeddable":true,"href":"https:\/\/nuxdoll.com\/sv\/wp-json\/wp\/v2\/media\/15950"}],"wp:attachment":[{"href":"https:\/\/nuxdoll.com\/sv\/wp-json\/wp\/v2\/media?parent=20629"}],"wp:term":[{"taxonomy":"product_cat","embeddable":true,"href":"https:\/\/nuxdoll.com\/sv\/wp-json\/wp\/v2\/product_cat?post=20629"},{"taxonomy":"product_tag","embeddable":true,"href":"https:\/\/nuxdoll.com\/sv\/wp-json\/wp\/v2\/product_tag?post=20629"}],"curies":[{"name":"wp","href":"https:\/\/api.w.org\/{rel}","templated":true}]}}