{"id":20117,"date":"2024-04-22T12:30:32","date_gmt":"2024-04-22T12:30:32","guid":{"rendered":"https:\/\/aimdoll.com\/product\/100cm-tall-child-sized-naked-small-minaiture-silicone-doll\/"},"modified":"2024-05-14T08:32:01","modified_gmt":"2024-05-14T08:32:01","slug":"100cm-tall-child-sized-naked-small-minaiture-silicone-doll","status":"publish","type":"product","link":"https:\/\/nuxdoll.com\/sv\/product\/100-cm-lang-naken-liten-mini-silikondocka-i-barnstorlek\/","title":{"rendered":"100 cm l\u00e5ng naken liten mini-silikondocka i barnstorlek"},"content":{"rendered":"<p>\u00c4r du ett fan av sexdockor 100 cm h\u00f6ga kl\u00e4der? D\u00e5 har du hittat den b\u00e4sta kanada barnsexdockan med alla funktioner som en nakendocka i premium barnstorlek. Tack vare en kombination av h\u00f6gkvalitativa silikonmaterial av medicinsk kvalitet. Denna 155 cm \u00e4kta k\u00e4rleks- och sexdocka kombinerar levande realistiska utseenden med verklighetstrogen k\u00f6ttliknande k\u00e4nsla.<\/p>\n<p>Dessutom, som den b\u00e4sta verkliga sexdockan med en manlig sexdocka liten penis. Denna underbara sexdocka i silikon p\u00e5 108 cm ser ut och k\u00e4nns som en riktig levande m\u00e4nniska. S\u00e5 om du fr\u00e5gar, \u00e4r det n\u00e5gon som s\u00e4ljer en 30 cm sexdocka miniatyr? Denna riktiga docka har allt du beh\u00f6ver i en verklighetstrogen sexdocka.<\/p>\n<p>Dessutom, om du vill \u00e5terskapa din hetaste mini sexdocka j\u00e4vla video. Denna 65 cm barnsliga sexdocka har utseendet f\u00f6r att f\u00e5 det att h\u00e4nda. f\u00f6rutom den realistiska k\u00e4nslan och h\u00e5llbarheten. d\u00e4rf\u00f6r, med denna lilla sexdocka videoforumdocka. du kan utforska fantasiernas djup som aldrig f\u00f6rr.<\/p>\n<p>&nbsp;<\/p>\n\t\t<div data-elementor-type=\"section\" data-elementor-id=\"15956\" class=\"elementor elementor-15956\" data-elementor-post-type=\"elementor_library\">\n\t\t\t<div class=\"wd-negative-gap elementor-element elementor-element-e744d45 e-flex e-con-boxed e-con e-parent\" data-id=\"e744d45\" data-element_type=\"container\">\n\t\t\t\t\t<div class=\"e-con-inner\">\n\t\t<div class=\"wd-negative-gap elementor-element elementor-element-2abc4734 e-flex e-con-boxed e-con e-child\" data-id=\"2abc4734\" data-element_type=\"container\">\n\t\t\t\t\t<div class=\"e-con-inner\">\n\t\t<div class=\"wd-negative-gap elementor-element elementor-element-e4e90d0 e-flex e-con-boxed e-con e-child\" data-id=\"e4e90d0\" data-element_type=\"container\">\n\t\t\t\t\t<div class=\"e-con-inner\">\n\t\t\t\t<div class=\"elementor-element elementor-element-2191b1a4 elementor-cta--skin-cover elementor-animated-content elementor-bg-transform elementor-bg-transform-zoom-in elementor-widget elementor-widget-call-to-action\" data-id=\"2191b1a4\" data-element_type=\"widget\" data-widget_type=\"call-to-action.default\">\n\t\t\t\t<div class=\"elementor-widget-container\">\n\t\t\t\t\t<a class=\"elementor-cta\" href=\"https:\/\/nuxdoll.com\/sv\/bilder-pa-sexdockor\/\">\n\t\t\t\t\t<div class=\"elementor-cta__bg-wrapper\">\n\t\t\t\t<div class=\"elementor-cta__bg elementor-bg\" style=\"background-image: url(https:\/\/nuxdoll.com\/wp-content\/uploads\/2024\/04\/redirect.jpg);\" role=\"img\" aria-label=\"dirigera om\"><\/div>\n\t\t\t\t<div class=\"elementor-cta__bg-overlay\"><\/div>\n\t\t\t<\/div>\n\t\t\t\t\t\t\t<div class=\"elementor-cta__content\">\n\t\t\t\t\n\t\t\t\t\t\t\t\t\t<h2 class=\"elementor-cta__title elementor-cta__content-item elementor-content-item elementor-animated-item--grow\">\n\t\t\t\t\t\t2500+ sm\u00e5 mini-sexdockor <\/br>sexdollxxx .com\t\t\t\t\t<\/h2>\n\t\t\t\t\n\t\t\t\t\t\t\t\t\t<div class=\"elementor-cta__description elementor-cta__content-item elementor-content-item elementor-animated-item--grow\">\n\t\t\t\t\t\t40 cm, 60 cm, 80 cm, 100 cm, 120 cm, 140 cm\t\t\t\t\t<\/div>\n\t\t\t\t\n\t\t\t\t\t\t\t\t\t<div class=\"elementor-cta__button-wrapper elementor-cta__content-item elementor-content-item elementor-animated-item--grow\">\n\t\t\t\t\t<span class=\"elementor-cta__button elementor-button elementor-size-md\">\n\t\t\t\t\t\tShoppa nu\t\t\t\t\t<\/span>\n\t\t\t\t\t<\/div>\n\t\t\t\t\t\t\t<\/div>\n\t\t\t\t\t\t<\/a>\n\t\t\t\t<\/div>\n\t\t\t\t<\/div>\n\t\t\t\t\t<\/div>\n\t\t\t\t<\/div>\n\t\t\t\t\t<\/div>\n\t\t\t\t<\/div>\n\t\t\t\t\t<\/div>\n\t\t\t\t<\/div>\n\t\t\t\t<\/div>","protected":false},"excerpt":{"rendered":"<div data-elementor-type=\"section\" data-elementor-id=\"15952\" class=\"elementor elementor-15952\" data-elementor-post-type=\"elementor_library\">\n<div class=\"wd-negative-gap elementor-element elementor-element-49f97e26 e-flex e-con-boxed e-con e-parent\" data-id=\"49f97e26\" data-element_type=\"container\">\n<div class=\"e-con-inner\">\n<div class=\"wd-negative-gap elementor-element elementor-element-449b9556 e-flex e-con-boxed e-con e-child\" data-id=\"449b9556\" data-element_type=\"container\">\n<div class=\"e-con-inner\">\n<div class=\"elementor-element elementor-element-613a7c10 elementor-cta--skin-cover elementor-animated-content elementor-bg-transform elementor-bg-transform-zoom-in elementor-widget elementor-widget-call-to-action\" data-id=\"613a7c10\" data-element_type=\"widget\" data-widget_type=\"call-to-action.default\">\n<div class=\"elementor-widget-container\">\n\t\t\t<link rel=\"stylesheet\" href=\"https:\/\/nuxdoll.com\/wp-content\/uploads\/elementor\/css\/custom-pro-widget-call-to-action.min.css?ver=1716097145\">\t\t<a class=\"elementor-cta\" href=\"https:\/\/nuxdoll.com\/sv\/bilder-pa-sexdockor\/\"><\/p>\n<div class=\"elementor-cta__bg-wrapper\">\n<div class=\"elementor-cta__bg elementor-bg\" style=\"background-image: url(https:\/\/nuxdoll.com\/wp-content\/uploads\/2024\/04\/redirect-1.jpg);\" role=\"img\" aria-label=\"redirect.jpg\"><\/div>\n<div class=\"elementor-cta__bg-overlay\"><\/div>\n<\/p><\/div>\n<div class=\"elementor-cta__content\">\n<h2 class=\"elementor-cta__title elementor-cta__content-item elementor-content-item elementor-animated-item--grow\">\n\t\t\t\t\t\t2500+ sm\u00e5 mini-sexdockor <\/br>sexdollxxx .com\t\t\t\t\t<\/h2>\n<div class=\"elementor-cta__description elementor-cta__content-item elementor-content-item elementor-animated-item--grow\">\n\t\t\t\t\t\t40 cm, 60 cm, 80 cm, 100 cm, 120 cm, 140 cm\t\t\t\t\t<\/div>\n<div class=\"elementor-cta__button-wrapper elementor-cta__content-item elementor-content-item elementor-animated-item--grow\">\n\t\t\t\t\t<span class=\"elementor-cta__button elementor-button elementor-size-md\"><br \/>\n\t\t\t\t\t\tShoppa nu\t\t\t\t\t<\/span>\n\t\t\t\t\t<\/div>\n<\/p><\/div>\n<p>\t\t\t\t\t\t<\/a>\n\t\t\t\t<\/div>\n<\/p><\/div>\n<\/p><\/div>\n<\/p><\/div>\n<\/p><\/div>\n<\/p><\/div>\n<\/p><\/div>","protected":false},"featured_media":15950,"comment_status":"closed","ping_status":"closed","template":"","meta":[],"product_cat":[803,797,791],"product_tag":[],"aioseo_notices":[],"_links":{"self":[{"href":"https:\/\/nuxdoll.com\/sv\/wp-json\/wp\/v2\/product\/20117"}],"collection":[{"href":"https:\/\/nuxdoll.com\/sv\/wp-json\/wp\/v2\/product"}],"about":[{"href":"https:\/\/nuxdoll.com\/sv\/wp-json\/wp\/v2\/types\/product"}],"replies":[{"embeddable":true,"href":"https:\/\/nuxdoll.com\/sv\/wp-json\/wp\/v2\/comments?post=20117"}],"version-history":[{"count":2,"href":"https:\/\/nuxdoll.com\/sv\/wp-json\/wp\/v2\/product\/20117\/revisions"}],"predecessor-version":[{"id":21733,"href":"https:\/\/nuxdoll.com\/sv\/wp-json\/wp\/v2\/product\/20117\/revisions\/21733"}],"wp:featuredmedia":[{"embeddable":true,"href":"https:\/\/nuxdoll.com\/sv\/wp-json\/wp\/v2\/media\/15950"}],"wp:attachment":[{"href":"https:\/\/nuxdoll.com\/sv\/wp-json\/wp\/v2\/media?parent=20117"}],"wp:term":[{"taxonomy":"product_cat","embeddable":true,"href":"https:\/\/nuxdoll.com\/sv\/wp-json\/wp\/v2\/product_cat?post=20117"},{"taxonomy":"product_tag","embeddable":true,"href":"https:\/\/nuxdoll.com\/sv\/wp-json\/wp\/v2\/product_tag?post=20117"}],"curies":[{"name":"wp","href":"https:\/\/api.w.org\/{rel}","templated":true}]}}