{"id":20083,"date":"2024-04-22T12:30:28","date_gmt":"2024-04-22T12:30:28","guid":{"rendered":"https:\/\/aimdoll.com\/product\/realistic-small-flat-chested-loli-j-suntech-child-porn-doll\/"},"modified":"2024-05-10T05:24:18","modified_gmt":"2024-05-10T05:24:18","slug":"realistic-small-flat-chested-loli-j-suntech-child-porn-doll","status":"publish","type":"product","link":"https:\/\/nuxdoll.com\/sv\/product\/realistisk-liten-platt-overkropp-loli-j-suntech-barnporrdocka\/","title":{"rendered":"Realistisk liten plattbr\u00f6stad loli j-suntech barnporrdocka"},"content":{"rendered":"<p>Gillar du reddit sexdocka barnporr? Detta \u00e4r ett s\u00e4kert och lagligt s\u00e4tt f\u00f6r dig att utforska dina sexuella \u00f6nskningar. Denna lilla realistiska sexdocka \u00e4r en barnliknande sexdockaporrdocka. Den h\u00e4r riktiga killen knullar sexdockan med platt br\u00f6st, gjordes f\u00f6r att likna ett riktigt levande barn. S\u00e5 du kan njuta av en verklighetstrogen barnliknande sexdocka utan att g\u00f6ra n\u00e5got fel.<\/p>\n<p>Dessutom har vi denna lilla k\u00e4rleksdocka till salu som en j-suntech mini-sexdocka. S\u00e5 du kan uppleva riktiga docka loli knulla f\u00f6rsta hand. Ocks\u00e5 f\u00f6r att du gillar din sexdockavideo liten. Denna j\u00e4vla ton\u00e5rsflicka manliga k\u00f6nsdocka majsdocka har utseendet och funktionerna du kan utforska.<\/p>\n<p>Dessutom med denna verkliga unga sexdocka. Du f\u00e5r monterkvalitet och v\u00e4rde f\u00f6r pengarna. Tack vare en kombination av tpe-material av medicinsk kvalitet och l\u00e4tt titan. Denna robusta och h\u00e5llbara k\u00e4rleksdocka \u00e4r byggd f\u00f6r att h\u00e5lla dig l\u00e4nge.<\/p>\n<p>&nbsp;<\/p>\n\t\t<div data-elementor-type=\"section\" data-elementor-id=\"15956\" class=\"elementor elementor-15956\" data-elementor-post-type=\"elementor_library\">\n\t\t\t<div class=\"wd-negative-gap elementor-element elementor-element-e744d45 e-flex e-con-boxed e-con e-parent\" data-id=\"e744d45\" data-element_type=\"container\">\n\t\t\t\t\t<div class=\"e-con-inner\">\n\t\t<div class=\"wd-negative-gap elementor-element elementor-element-2abc4734 e-flex e-con-boxed e-con e-child\" data-id=\"2abc4734\" data-element_type=\"container\">\n\t\t\t\t\t<div class=\"e-con-inner\">\n\t\t<div class=\"wd-negative-gap elementor-element elementor-element-e4e90d0 e-flex e-con-boxed e-con e-child\" data-id=\"e4e90d0\" data-element_type=\"container\">\n\t\t\t\t\t<div class=\"e-con-inner\">\n\t\t\t\t<div class=\"elementor-element elementor-element-2191b1a4 elementor-cta--skin-cover elementor-animated-content elementor-bg-transform elementor-bg-transform-zoom-in elementor-widget elementor-widget-call-to-action\" data-id=\"2191b1a4\" data-element_type=\"widget\" data-widget_type=\"call-to-action.default\">\n\t\t\t\t<div class=\"elementor-widget-container\">\n\t\t\t\t\t<a class=\"elementor-cta\" href=\"https:\/\/nuxdoll.com\/sv\/bilder-pa-sexdockor\/\">\n\t\t\t\t\t<div class=\"elementor-cta__bg-wrapper\">\n\t\t\t\t<div class=\"elementor-cta__bg elementor-bg\" style=\"background-image: url(https:\/\/nuxdoll.com\/wp-content\/uploads\/2024\/04\/redirect.jpg);\" role=\"img\" aria-label=\"dirigera om\"><\/div>\n\t\t\t\t<div class=\"elementor-cta__bg-overlay\"><\/div>\n\t\t\t<\/div>\n\t\t\t\t\t\t\t<div class=\"elementor-cta__content\">\n\t\t\t\t\n\t\t\t\t\t\t\t\t\t<h2 class=\"elementor-cta__title elementor-cta__content-item elementor-content-item elementor-animated-item--grow\">\n\t\t\t\t\t\t2500+ sm\u00e5 mini-sexdockor <\/br>sexdollxxx .com\t\t\t\t\t<\/h2>\n\t\t\t\t\n\t\t\t\t\t\t\t\t\t<div class=\"elementor-cta__description elementor-cta__content-item elementor-content-item elementor-animated-item--grow\">\n\t\t\t\t\t\t40 cm, 60 cm, 80 cm, 100 cm, 120 cm, 140 cm\t\t\t\t\t<\/div>\n\t\t\t\t\n\t\t\t\t\t\t\t\t\t<div class=\"elementor-cta__button-wrapper elementor-cta__content-item elementor-content-item elementor-animated-item--grow\">\n\t\t\t\t\t<span class=\"elementor-cta__button elementor-button elementor-size-md\">\n\t\t\t\t\t\tShoppa nu\t\t\t\t\t<\/span>\n\t\t\t\t\t<\/div>\n\t\t\t\t\t\t\t<\/div>\n\t\t\t\t\t\t<\/a>\n\t\t\t\t<\/div>\n\t\t\t\t<\/div>\n\t\t\t\t\t<\/div>\n\t\t\t\t<\/div>\n\t\t\t\t\t<\/div>\n\t\t\t\t<\/div>\n\t\t\t\t\t<\/div>\n\t\t\t\t<\/div>\n\t\t\t\t<\/div>","protected":false},"excerpt":{"rendered":"<div data-elementor-type=\"section\" data-elementor-id=\"15952\" class=\"elementor elementor-15952\" data-elementor-post-type=\"elementor_library\">\n<div class=\"wd-negative-gap elementor-element elementor-element-49f97e26 e-flex e-con-boxed e-con e-parent\" data-id=\"49f97e26\" data-element_type=\"container\">\n<div class=\"e-con-inner\">\n<div class=\"wd-negative-gap elementor-element elementor-element-449b9556 e-flex e-con-boxed e-con e-child\" data-id=\"449b9556\" data-element_type=\"container\">\n<div class=\"e-con-inner\">\n<div class=\"elementor-element elementor-element-613a7c10 elementor-cta--skin-cover elementor-animated-content elementor-bg-transform elementor-bg-transform-zoom-in elementor-widget elementor-widget-call-to-action\" data-id=\"613a7c10\" data-element_type=\"widget\" data-widget_type=\"call-to-action.default\">\n<div class=\"elementor-widget-container\">\n\t\t\t<link rel=\"stylesheet\" href=\"https:\/\/nuxdoll.com\/wp-content\/uploads\/elementor\/css\/custom-pro-widget-call-to-action.min.css?ver=1716097145\">\t\t<a class=\"elementor-cta\" href=\"https:\/\/nuxdoll.com\/sv\/bilder-pa-sexdockor\/\"><\/p>\n<div class=\"elementor-cta__bg-wrapper\">\n<div class=\"elementor-cta__bg elementor-bg\" style=\"background-image: url(https:\/\/nuxdoll.com\/wp-content\/uploads\/2024\/04\/redirect-1.jpg);\" role=\"img\" aria-label=\"redirect.jpg\"><\/div>\n<div class=\"elementor-cta__bg-overlay\"><\/div>\n<\/p><\/div>\n<div class=\"elementor-cta__content\">\n<h2 class=\"elementor-cta__title elementor-cta__content-item elementor-content-item elementor-animated-item--grow\">\n\t\t\t\t\t\t2500+ sm\u00e5 mini-sexdockor <\/br>sexdollxxx .com\t\t\t\t\t<\/h2>\n<div class=\"elementor-cta__description elementor-cta__content-item elementor-content-item elementor-animated-item--grow\">\n\t\t\t\t\t\t40 cm, 60 cm, 80 cm, 100 cm, 120 cm, 140 cm\t\t\t\t\t<\/div>\n<div class=\"elementor-cta__button-wrapper elementor-cta__content-item elementor-content-item elementor-animated-item--grow\">\n\t\t\t\t\t<span class=\"elementor-cta__button elementor-button elementor-size-md\"><br \/>\n\t\t\t\t\t\tShoppa nu\t\t\t\t\t<\/span>\n\t\t\t\t\t<\/div>\n<\/p><\/div>\n<p>\t\t\t\t\t\t<\/a>\n\t\t\t\t<\/div>\n<\/p><\/div>\n<\/p><\/div>\n<\/p><\/div>\n<\/p><\/div>\n<\/p><\/div>\n<\/p><\/div>","protected":false},"featured_media":15950,"comment_status":"closed","ping_status":"closed","template":"","meta":[],"product_cat":[795,807,775],"product_tag":[],"aioseo_notices":[],"_links":{"self":[{"href":"https:\/\/nuxdoll.com\/sv\/wp-json\/wp\/v2\/product\/20083"}],"collection":[{"href":"https:\/\/nuxdoll.com\/sv\/wp-json\/wp\/v2\/product"}],"about":[{"href":"https:\/\/nuxdoll.com\/sv\/wp-json\/wp\/v2\/types\/product"}],"replies":[{"embeddable":true,"href":"https:\/\/nuxdoll.com\/sv\/wp-json\/wp\/v2\/comments?post=20083"}],"version-history":[{"count":1,"href":"https:\/\/nuxdoll.com\/sv\/wp-json\/wp\/v2\/product\/20083\/revisions"}],"predecessor-version":[{"id":20084,"href":"https:\/\/nuxdoll.com\/sv\/wp-json\/wp\/v2\/product\/20083\/revisions\/20084"}],"wp:featuredmedia":[{"embeddable":true,"href":"https:\/\/nuxdoll.com\/sv\/wp-json\/wp\/v2\/media\/15950"}],"wp:attachment":[{"href":"https:\/\/nuxdoll.com\/sv\/wp-json\/wp\/v2\/media?parent=20083"}],"wp:term":[{"taxonomy":"product_cat","embeddable":true,"href":"https:\/\/nuxdoll.com\/sv\/wp-json\/wp\/v2\/product_cat?post=20083"},{"taxonomy":"product_tag","embeddable":true,"href":"https:\/\/nuxdoll.com\/sv\/wp-json\/wp\/v2\/product_tag?post=20083"}],"curies":[{"name":"wp","href":"https:\/\/api.w.org\/{rel}","templated":true}]}}