{"id":15592,"date":"2024-04-19T12:46:24","date_gmt":"2024-04-19T12:46:24","guid":{"rendered":"https:\/\/aimdoll.com\/?page_id=15592"},"modified":"2024-04-24T12:42:10","modified_gmt":"2024-04-24T12:42:10","slug":"about-us","status":"publish","type":"page","link":"https:\/\/nuxdoll.com\/sv\/om-oss\/","title":{"rendered":"Om oss"},"content":{"rendered":"<div data-elementor-type=\"wp-page\" data-elementor-id=\"15592\" class=\"elementor elementor-15592\" data-elementor-post-type=\"page\">\n\t\t\t\t\t\t<section class=\"wd-negative-gap elementor-section elementor-top-section elementor-element elementor-element-63ccb5ca space-xlg elementor-section-boxed elementor-section-height-default elementor-section-height-default\" data-id=\"63ccb5ca\" data-element_type=\"section\">\n\t\t\t\t\t\t<div class=\"elementor-container elementor-column-gap-default\">\n\t\t\t\t\t<div class=\"elementor-column elementor-col-100 elementor-top-column elementor-element elementor-element-7328e9f9\" data-id=\"7328e9f9\" data-element_type=\"column\">\n\t\t\t<div class=\"elementor-widget-wrap elementor-element-populated\">\n\t\t\t\t\t\t<div class=\"elementor-element elementor-element-65436a36 m-t-n-xs mb-5 elementor-widget elementor-widget-heading\" data-id=\"65436a36\" data-element_type=\"widget\" data-widget_type=\"heading.default\">\n\t\t\t\t<div class=\"elementor-widget-container\">\n\t\t\t<style>\/*! elementor - v3.21.0 - 15-04-2024 *\/\n.elementor-heading-title{padding:0;margin:0;line-height:1}.elementor-widget-heading .elementor-heading-title[class*=elementor-size-]>a{color:inherit;font-size:inherit;line-height:inherit}.elementor-widget-heading .elementor-heading-title.elementor-size-small{font-size:15px}.elementor-widget-heading .elementor-heading-title.elementor-size-medium{font-size:19px}.elementor-widget-heading .elementor-heading-title.elementor-size-large{font-size:29px}.elementor-widget-heading .elementor-heading-title.elementor-size-xl{font-size:39px}.elementor-widget-heading .elementor-heading-title.elementor-size-xxl{font-size:59px}<\/style><h2 class=\"elementor-heading-title elementor-size-default\">OM AINODOLL<\/h2>\t\t<\/div>\n\t\t\t\t<\/div>\n\t\t\t\t<div class=\"elementor-element elementor-element-596e654d mb-4 elementor-widget elementor-widget-heading\" data-id=\"596e654d\" data-element_type=\"widget\" data-widget_type=\"heading.default\">\n\t\t\t\t<div class=\"elementor-widget-container\">\n\t\t\t<h3 class=\"elementor-heading-title elementor-size-default\">Vilka vi \u00e4r<\/h3>\t\t<\/div>\n\t\t\t\t<\/div>\n\t\t\t\t<section class=\"elementor-section elementor-inner-section elementor-element elementor-element-7fd9f02d elementor-section-full_width elementor-section-height-default elementor-section-height-default\" data-id=\"7fd9f02d\" data-element_type=\"section\">\n\t\t\t\t\t\t<div class=\"elementor-container elementor-column-gap-default\">\n\t\t\t\t\t<div class=\"elementor-column elementor-col-100 elementor-inner-column elementor-element elementor-element-6e5a7277\" data-id=\"6e5a7277\" data-element_type=\"column\">\n\t\t\t<div class=\"elementor-widget-wrap elementor-element-populated\">\n\t\t\t\t\t\t<div class=\"elementor-element elementor-element-4f47d2b8 color-scheme-inherit text-left elementor-widget elementor-widget-text-editor\" data-id=\"4f47d2b8\" data-element_type=\"widget\" data-widget_type=\"text-editor.default\">\n\t\t\t\t<div class=\"elementor-widget-container\">\n\t\t\t<style>\/*! elementor - v3.21.0 - 15-04-2024 *\/\n.elementor-widget-text-editor.elementor-drop-cap-view-stacked .elementor-drop-cap{background-color:#69727d;color:#fff}.elementor-widget-text-editor.elementor-drop-cap-view-framed .elementor-drop-cap{color:#69727d;border:3px solid;background-color:transparent}.elementor-widget-text-editor:not(.elementor-drop-cap-view-default) .elementor-drop-cap{margin-top:8px}.elementor-widget-text-editor:not(.elementor-drop-cap-view-default) .elementor-drop-cap-letter{width:1em;height:1em}.elementor-widget-text-editor .elementor-drop-cap{float:left;text-align:center;line-height:1;font-size:50px}.elementor-widget-text-editor .elementor-drop-cap-letter{display:inline-block}<\/style>\t\t\t\t<p>Ainodoll.com \u00e4r den officiella webbplatsen f\u00f6r mini-sexdockor. Vi \u00e4r ett Sex Dolls Team fr\u00e5n Kina och har 6 \u00e5rs erfarenhet av att s\u00e4lja sexdockor online. F\u00f6r n\u00e4rvarande s\u00e4ljs v\u00e5ra mini-sexdockor fr\u00e4mst till Nordamerika, Europa, Japan och Australien.<\/p>\t\t\t\t\t\t<\/div>\n\t\t\t\t<\/div>\n\t\t\t\t\t<\/div>\n\t\t<\/div>\n\t\t\t\t\t<\/div>\n\t\t<\/section>\n\t\t\t\t<div class=\"elementor-element elementor-element-1a33b11d m-b-xl elementor-widget elementor-widget-heading\" data-id=\"1a33b11d\" data-element_type=\"widget\" data-widget_type=\"heading.default\">\n\t\t\t\t<div class=\"elementor-widget-container\">\n\t\t\t<h2 class=\"elementor-heading-title elementor-size-default\">varf\u00f6r v\u00e4lja oss<\/h2>\t\t<\/div>\n\t\t\t\t<\/div>\n\t\t\t\t<section class=\"elementor-section elementor-inner-section elementor-element elementor-element-404f4648 elementor-section-full_width mb-4 pb-1 elementor-section-height-default elementor-section-height-default\" data-id=\"404f4648\" data-element_type=\"section\">\n\t\t\t\t\t\t<div class=\"elementor-container elementor-column-gap-default\">\n\t\t\t\t\t<div class=\"elementor-column elementor-col-100 elementor-inner-column elementor-element elementor-element-6a15efb2\" data-id=\"6a15efb2\" data-element_type=\"column\">\n\t\t\t<div class=\"elementor-widget-wrap elementor-element-populated\">\n\t\t\t\t\t\t<div class=\"elementor-element elementor-element-f38a1ea color-scheme-inherit text-left elementor-widget elementor-widget-text-editor\" data-id=\"f38a1ea\" data-element_type=\"widget\" data-widget_type=\"text-editor.default\">\n\t\t\t\t<div class=\"elementor-widget-container\">\n\t\t\t\t\t\t\t<h5>*100% Autentiska, certifierade Original Factory Sex Dolls<\/h5><p>Som en professionell mini-sexdockaleverant\u00f6r tillhandah\u00e5ller vi endast dockprodukter av h\u00f6g kvalitet och arbetar med tillverkare som uppfyller v\u00e5ra kvalitetsspecifikationer, s\u00e5som WM Dolls, Irontech Doll\uff0c6Ye Doll, etc.<br \/>Vi vet vad du vill ha n\u00e4r du handlar en kvalitetssexdocka, och vi har ett urval av verklighetstrogna sexdockor just f\u00f6r dig. V\u00e5ra dockor \u00e4r ett resultat av en precisionsdesign som g\u00f6r dem sp\u00e4nnande och stimulerande att anv\u00e4nda. V\u00e5ra k\u00e4rleksdockor \u00e4r handskulpterade av proffs som l\u00e4gger ner mycket tid p\u00e5 att f\u00e5 fram varje detalj. P\u00e5 ainodoll \u00e4r vi stolta \u00f6ver v\u00e5r uppm\u00e4rksamhet p\u00e5 detaljer och produktkvalitet och garanterar d\u00e4rf\u00f6r v\u00e5r kundn\u00f6jdhet.<\/p><h5>*Enorm docksamling (2000+ minidockor)<\/h5><p>V\u00e5r dockfabrik utvecklar nya modeller f\u00f6r att l\u00e4gga till nya k\u00e4rleksdockor varje vecka. Med s\u00e5 m\u00e5nga kroppar och huvudstilar att v\u00e4lja mellan \u00e4r allt m\u00f6jligt! Fr\u00e5n stora, v\u00e4llustiga modeller till smala och kvicka brudar, varje smak kan tillgodoses. Det inkluderar n\u00e5gra av v\u00e5ra exotiska \u00e4lskare ocks\u00e5, inklusive alvsk\u00f6nheter och knubbiga mamor. Med utbytbara huvuden har det aldrig varit l\u00e4ttare att blanda ihop saker och prova n\u00e5got nytt!<\/p><h5>*S\u00e4ker betalning<\/h5><p>V\u00e5r webbplats \u00e4r SSL-krypterad och vi anv\u00e4nder \u00e4ven PayPal f\u00f6r att garantera din integritet och s\u00e4kerhet. Vi kommer inte att behandla din best\u00e4llning f\u00f6rr\u00e4n vi bekr\u00e4ftar att din betalningsinformation \u00e4r giltig. Alla v\u00e5ra banktransaktioner, alla levererade, \u00e4r inte baserade p\u00e5 produktens natur. Vi \u00e4r angel\u00e4gna om att tillhandah\u00e5lla den h\u00f6gsta niv\u00e5n av integritet och kommer aldrig att avsl\u00f6ja din personliga information till tredje part. F\u00f6r mer betalningsinformation, se sidan med betalningsguiden.<\/p><h5>*Prisv\u00e4rt och rimligt pris<\/h5><p>N\u00e4r du handlar sexdockor p\u00e5 ainodoll.com kan du alltid vara s\u00e4ker p\u00e5 att hitta n\u00e5got inom din budget. V\u00e5rt utbud av lyxiga sexdockor \u00e4r rimligt prissatta. Vi str\u00e4var efter att f\u00f6rse dig med en sexdocka som tj\u00e4nar dig utm\u00e4rkt och som \u00e4r inom r\u00e4ckh\u00e5ll.<\/p><h5>*Ingen bluff och n\u00f6jd k\u00f6pgaranti<\/h5>\t\t\t\t\t\t<\/div>\n\t\t\t\t<\/div>\n\t\t\t\t\t<\/div>\n\t\t<\/div>\n\t\t\t\t\t<\/div>\n\t\t<\/section>\n\t\t\t\t<section class=\"elementor-section elementor-inner-section elementor-element elementor-element-47670a94 elementor-section-full_width elementor-section-height-default elementor-section-height-default\" data-id=\"47670a94\" data-element_type=\"section\">\n\t\t\t\t\t\t<div class=\"elementor-container elementor-column-gap-default\">\n\t\t\t\t\t<div class=\"elementor-column elementor-col-100 elementor-inner-column elementor-element elementor-element-37e64a0a\" data-id=\"37e64a0a\" data-element_type=\"column\">\n\t\t\t<div class=\"elementor-widget-wrap elementor-element-populated\">\n\t\t\t\t\t\t<div class=\"elementor-element elementor-element-1012628c color-scheme-inherit text-left elementor-widget elementor-widget-text-editor\" data-id=\"1012628c\" data-element_type=\"widget\" data-widget_type=\"text-editor.default\">\n\t\t\t\t<div class=\"elementor-widget-container\">\n\t\t\t\t\t\t\t<p>Vi tillhandah\u00e5ller inga falskt annonserade produkter, vi behandlar och v\u00e4lkomnar uppriktigt varje kund som \u00e4lskar sexdockor.<\/p><p>Vi arbetar ocks\u00e5 h\u00e5rt f\u00f6r att se till att du f\u00e5r den b\u00e4sta m\u00f6jliga sexdockan som finns tillg\u00e4nglig. Vi inspekterar visuellt varenda docka fr\u00e5n topp till t\u00e5 innan vi ger v\u00e5rt godk\u00e4nnande f\u00f6r att hon ska komma hem till dig. Hon g\u00e5r inte f\u00f6rr\u00e4n hon har passerat. Vi kan till och med se till att sm\u00e5saker som du kanske har efterfr\u00e5gat tas om hand enligt dina specifikationer.<\/p><p>Om det finns n\u00e5got misstag med din best\u00e4llning (defekter eller felaktig leverans) vid mottagandet av din docka, kommer vi att fixa det eller ers\u00e4tta det. F\u00f6r mer information, se sidan f\u00f6r returpolicy.<\/p>\t\t\t\t\t\t<\/div>\n\t\t\t\t<\/div>\n\t\t\t\t\t<\/div>\n\t\t<\/div>\n\t\t\t\t\t<\/div>\n\t\t<\/section>\n\t\t\t\t\t<\/div>\n\t\t<\/div>\n\t\t\t\t\t<\/div>\n\t\t<\/section>\n\t\t\t\t<\/div>","protected":false},"excerpt":{"rendered":"<p>OM AINODOLL Vilka vi \u00e4r Ainodoll.com \u00e4r den officiella webbplatsen f\u00f6r mini-sexdockor. Vi \u00e4r ett Sex Dolls Team<\/p>","protected":false},"author":1,"featured_media":0,"parent":0,"menu_order":0,"comment_status":"closed","ping_status":"closed","template":"","meta":{"footnotes":""},"aioseo_notices":[],"_links":{"self":[{"href":"https:\/\/nuxdoll.com\/sv\/wp-json\/wp\/v2\/pages\/15592"}],"collection":[{"href":"https:\/\/nuxdoll.com\/sv\/wp-json\/wp\/v2\/pages"}],"about":[{"href":"https:\/\/nuxdoll.com\/sv\/wp-json\/wp\/v2\/types\/page"}],"author":[{"embeddable":true,"href":"https:\/\/nuxdoll.com\/sv\/wp-json\/wp\/v2\/users\/1"}],"replies":[{"embeddable":true,"href":"https:\/\/nuxdoll.com\/sv\/wp-json\/wp\/v2\/comments?post=15592"}],"version-history":[{"count":9,"href":"https:\/\/nuxdoll.com\/sv\/wp-json\/wp\/v2\/pages\/15592\/revisions"}],"predecessor-version":[{"id":21455,"href":"https:\/\/nuxdoll.com\/sv\/wp-json\/wp\/v2\/pages\/15592\/revisions\/21455"}],"wp:attachment":[{"href":"https:\/\/nuxdoll.com\/sv\/wp-json\/wp\/v2\/media?parent=15592"}],"curies":[{"name":"wp","href":"https:\/\/api.w.org\/{rel}","templated":true}]}}